{"id":7758,"date":"2025-10-22T09:58:57","date_gmt":"2025-10-22T07:58:57","guid":{"rendered":"https:\/\/www.camping-lepetitliou.com\/camping-dieren-baratier\/"},"modified":"2026-03-05T09:17:33","modified_gmt":"2026-03-05T08:17:33","slug":"camping-animaux-baratier","status":"publish","type":"page","link":"https:\/\/www.camping-lepetitliou.com\/nl\/camping-animaux-baratier\/","title":{"rendered":"camping dieren baratier"},"content":{"rendered":"\n<section class=\"wp-block-group alignfull page-one has-background has-global-padding is-layout-constrained wp-container-core-group-is-layout-111828c4 wp-block-group-is-layout-constrained\" id=\"gt_1photo-txt_001\" style=\"border-radius:0px;background-color:rgba(255,255,255,1);margin-top:0px;margin-right:0px;margin-bottom:0px;margin-left:0px;padding-top:var(--wp--preset--spacing--40);padding-right:0px;padding-bottom:var(--wp--preset--spacing--50);padding-left:0px;background-image:url(&apos;https:\/\/www.camping-lepetitliou.com\/wp-content\/uploads\/2025\/10\/feuilles-fond-svg-le-petit-liou.svg&apos;);background-position:0% 100%;background-repeat:no-repeat;background-size:auto;\">\n<div class=\"wp-block-columns alignwide is-layout-flex wp-container-core-columns-is-layout-6a5d3e34 wp-block-columns-is-layout-flex\" style=\"border-radius:0px;margin-top:0px;margin-right:0px;margin-bottom:0px;margin-left:0px;padding-top:0px;padding-right:var(--wp--preset--spacing--30);padding-bottom:0px;padding-left:var(--wp--preset--spacing--30)\">\n<div class=\"wp-block-column is-vertically-aligned-top is-layout-flow wp-block-column-is-layout-flow\" style=\"padding-left:var(--wp--preset--spacing--30);flex-basis:50%\">\n<div class=\"wp-block-group is-vertical is-content-justification-left is-nowrap is-layout-flex wp-container-core-group-is-layout-0ae2a1eb wp-block-group-is-layout-flex\" style=\"border-radius:0px;margin-top:0px;margin-right:0px;margin-bottom:0px;margin-left:0px;padding-top:0;padding-right:0px;padding-bottom:0px;padding-left:0px\">\n<div class=\"wp-block-group has-global-padding is-content-justification-left is-layout-constrained wp-container-core-group-is-layout-af66290e wp-block-group-is-layout-constrained\" style=\"margin-top:0px;margin-right:0px;margin-bottom:0px;margin-left:0px\">\n<figure class=\"wp-block-image is-resized gt-hide-mobile\" style=\"margin-top:var(--wp--preset--spacing--40);margin-right:0px;margin-bottom:var(--wp--preset--spacing--20);margin-left:0px\"><img decoding=\"async\" src=\"https:\/\/www.camping-lepetitliou.com\/wp-content\/uploads\/extracted-inline-images\/svg-d1ad305ece2d7891bdfa323164f58668.svg\" alt=\"\" style=\"width:140px;height:auto\"\/><\/figure>\n\n\n\n<h1 class=\"wp-block-heading has-text-align-left full-width has-holla-weekend-font-family has-text-color\" style=\"color:rgba(0,74,74,1);font-size:clamp(63.347px, 3.959rem + ((1vw - 3.2px) * 6.072), 135px);line-height:0.8\">Dogvriendelijke camping <br\/><mark style=\"background-color:rgba(0, 0, 0, 0)\" class=\"has-inline-color has-accent-color\">in de buurt van het meer van Serre-Pon\u00e7on<\/mark><\/h1>\n<\/div>\n<\/div>\n<\/div>\n\n\n\n<div class=\"wp-block-column is-vertically-aligned-center is-layout-flow wp-block-column-is-layout-flow\" style=\"flex-basis:50%\">\n<figure class=\"wp-block-image size-full has-custom-border blob-image\" style=\"margin-top:0px;margin-right:0px;margin-bottom:0px;margin-left:0px\"><img decoding=\"async\" width=\"1293\" height=\"1293\" src=\"https:\/\/www.camping-lepetitliou.com\/wp-content\/uploads\/2025\/12\/chien-accepte-camping-le-petit-liou-scaled-e1766074151187.jpeg\" alt=\"hond toegestaan camping le petit liou\" class=\"wp-image-1926\" style=\"border-top-left-radius:100px;aspect-ratio:4\/3;object-fit:cover\" srcset=\"https:\/\/www.camping-lepetitliou.com\/wp-content\/uploads\/2025\/12\/chien-accepte-camping-le-petit-liou-scaled-e1766074151187.jpeg 1293w, https:\/\/www.camping-lepetitliou.com\/wp-content\/uploads\/2025\/12\/chien-accepte-camping-le-petit-liou-scaled-e1766074151187-300x300.jpeg 300w, https:\/\/www.camping-lepetitliou.com\/wp-content\/uploads\/2025\/12\/chien-accepte-camping-le-petit-liou-scaled-e1766074151187-1024x1024.jpeg 1024w, https:\/\/www.camping-lepetitliou.com\/wp-content\/uploads\/2025\/12\/chien-accepte-camping-le-petit-liou-scaled-e1766074151187-150x150.jpeg 150w, https:\/\/www.camping-lepetitliou.com\/wp-content\/uploads\/2025\/12\/chien-accepte-camping-le-petit-liou-scaled-e1766074151187-768x768.jpeg 768w, https:\/\/www.camping-lepetitliou.com\/wp-content\/uploads\/2025\/12\/chien-accepte-camping-le-petit-liou-scaled-e1766074151187-400x400.jpeg 400w, https:\/\/www.camping-lepetitliou.com\/wp-content\/uploads\/2025\/12\/chien-accepte-camping-le-petit-liou-scaled-e1766074151187-600x600.jpeg 600w\" sizes=\"(max-width: 1293px) 100vw, 1293px\" \/><\/figure>\n\n\n\n<p class=\"has-link-color wp-elements-145f586e2d6b17a3f2c17f6772771eb4\">Bent u op zoek naar een <strong>dogvriendelijke<\/strong> camping in de buurt van het meer van Serre-Pon\u00e7on om optimaal van uw vakantie te genieten met uw viervoeter? Bij Petit Liou, uw <a href=\"https:\/\/www.camping-lepetitliou.com\/nl\/\" data-type=\"page\" data-id=\"6\">camping in de Hautes-Alpes<\/a>, zijn <strong>huisdieren van harte welkom<\/strong>! Tussen de natuurgebieden, de buitenactiviteiten en de gezellige sfeer is alles aanwezig om uw hond zich hier thuis te laten voelen. <\/p>\n<\/div>\n<\/div>\n<\/section>\n\n<div id=\"page-four\" class=\"wp-block-group page-four is-layout-flow wp-block-group-is-layout-flow\" style=\"margin-top:0;margin-bottom:0;padding-top:0;padding-bottom:0\">\n<div class=\"wp-block-cover is-light has-custom-content-position is-position-bottom-center\" style=\"padding-top:var(--wp--preset--spacing--30);padding-bottom:var(--wp--preset--spacing--30);min-height:70vh;aspect-ratio:unset;\"><img decoding=\"async\" width=\"1024\" height=\"683\" class=\"wp-block-cover__image-background wp-image-10228 size-large\" alt=\"chien-accepte-camping\" src=\"https:\/\/www.camping-lepetitliou.com\/wp-content\/uploads\/2026\/03\/chien-accepte-camping-1024x683.jpeg\" data-object-fit=\"cover\" srcset=\"https:\/\/www.camping-lepetitliou.com\/wp-content\/uploads\/2026\/03\/chien-accepte-camping-1024x683.jpeg 1024w, https:\/\/www.camping-lepetitliou.com\/wp-content\/uploads\/2026\/03\/chien-accepte-camping-300x200.jpeg 300w, https:\/\/www.camping-lepetitliou.com\/wp-content\/uploads\/2026\/03\/chien-accepte-camping-768x512.jpeg 768w, https:\/\/www.camping-lepetitliou.com\/wp-content\/uploads\/2026\/03\/chien-accepte-camping-1536x1024.jpeg 1536w, https:\/\/www.camping-lepetitliou.com\/wp-content\/uploads\/2026\/03\/chien-accepte-camping.jpeg 1966w\" sizes=\"(max-width: 1024px) 100vw, 1024px\" \/><span aria-hidden=\"true\" class=\"wp-block-cover__background has-background-dim-0 has-background-dim\"><\/span><div class=\"wp-block-cover__inner-container has-global-padding is-layout-constrained wp-block-cover-is-layout-constrained\">\n<p class=\"has-text-align-center has-large-font-size\"><\/p>\n<\/div><\/div>\n\n\n\n<div class=\"wp-block-group has-accent-4-background-color has-background has-global-padding is-layout-constrained wp-container-core-group-is-layout-dd610511 wp-block-group-is-layout-constrained\" style=\"margin-top:0;margin-bottom:0;padding-top:var(--wp--preset--spacing--50);padding-right:var(--wp--preset--spacing--10);padding-bottom:var(--wp--preset--spacing--50);padding-left:var(--wp--preset--spacing--10)\">\n<h2 class=\"wp-block-heading has-text-align-center\" style=\"padding-bottom:var(--wp--preset--spacing--20);font-style:normal;font-weight:100\"><strong>Uw hond is welkom op de camping:<\/strong> reis met uw huisdier!<\/h2>\n\n\n\n<p class=\"has-text-align-center\">Omdat hij deel uitmaakt van het gezin, heeft uw hond ook recht op vakantie! <br\/>Of u nu in een tent, camper of huuraccommodatie verblijft, hij kan u vergezellen in <strong>alle ruimtes<\/strong> van de camping (behalve het zwembad en de sanitaire voorzieningen). We verwelkomen honden aangelijnd met plezier en stellen op verschillende strategische punten op de camping <strong>poepzakjes<\/strong> ter beschikking om de netheid voor iedereen te bevorderen. De familiale en zorgzame sfeer van Petit Liou stelt iedereen in staat om een \u200b\u200bvredig verblijf te beleven, in harmonie met de andere vakantiegangers.   <\/p>\n<\/div>\n<\/div>\n\n<section class=\"wp-block-group alignfull page-one alt has-background has-global-padding is-layout-constrained wp-container-core-group-is-layout-09e6ee9e wp-block-group-is-layout-constrained\" id=\"gt_1photo-txt_001\" style=\"border-radius:0px;background-color:rgba(255,255,255,1);margin-top:0px;margin-right:0px;margin-bottom:0px;margin-left:0px;padding-top:var(--wp--preset--spacing--50);padding-right:0px;padding-bottom:var(--wp--preset--spacing--50);padding-left:0px;background-image:url(&apos;https:\/\/www.camping-lepetitliou.com\/wp-content\/uploads\/2025\/10\/feuilles-fond-svg-le-petit-liou.svg&apos;);background-position:0% 100%;background-repeat:no-repeat;background-size:auto;\">\n<div class=\"wp-block-columns alignwide is-layout-flex wp-container-core-columns-is-layout-06677ce9 wp-block-columns-is-layout-flex\" style=\"border-radius:0px;margin-top:0px;margin-right:0px;margin-bottom:0px;margin-left:0px;padding-top:0px;padding-right:var(--wp--preset--spacing--30);padding-bottom:0px;padding-left:var(--wp--preset--spacing--30)\">\n<div class=\"wp-block-column is-vertically-aligned-stretch is-layout-flow wp-block-column-is-layout-flow\" style=\"flex-basis:50%\">\n<figure class=\"wp-block-image size-full has-custom-border blob-image\" style=\"margin-top:0px;margin-right:0px;margin-bottom:0px;margin-left:0px\"><img decoding=\"async\" width=\"1330\" height=\"1333\" src=\"https:\/\/www.camping-lepetitliou.com\/wp-content\/uploads\/2025\/12\/camping-hautes-alpes-pet-friendly-e1766073803273.jpg\" alt=\"camping hautes alpes huisdiervriendelijk\" class=\"wp-image-1918\" style=\"border-top-left-radius:0px;border-top-right-radius:100px;aspect-ratio:1;object-fit:cover\" srcset=\"https:\/\/www.camping-lepetitliou.com\/wp-content\/uploads\/2025\/12\/camping-hautes-alpes-pet-friendly-e1766073803273.jpg 1330w, https:\/\/www.camping-lepetitliou.com\/wp-content\/uploads\/2025\/12\/camping-hautes-alpes-pet-friendly-e1766073803273-300x300.jpg 300w, https:\/\/www.camping-lepetitliou.com\/wp-content\/uploads\/2025\/12\/camping-hautes-alpes-pet-friendly-e1766073803273-1022x1024.jpg 1022w, https:\/\/www.camping-lepetitliou.com\/wp-content\/uploads\/2025\/12\/camping-hautes-alpes-pet-friendly-e1766073803273-150x150.jpg 150w, https:\/\/www.camping-lepetitliou.com\/wp-content\/uploads\/2025\/12\/camping-hautes-alpes-pet-friendly-e1766073803273-768x770.jpg 768w, https:\/\/www.camping-lepetitliou.com\/wp-content\/uploads\/2025\/12\/camping-hautes-alpes-pet-friendly-e1766073803273-400x400.jpg 400w, https:\/\/www.camping-lepetitliou.com\/wp-content\/uploads\/2025\/12\/camping-hautes-alpes-pet-friendly-e1766073803273-600x600.jpg 600w\" sizes=\"(max-width: 1330px) 100vw, 1330px\" \/><\/figure>\n\n\n\n<p class=\"has-link-color wp-elements-14b848ac38d3688ed2d5f8567c890b2a\">Reizen met uw hond in onze hondvriendelijke camping in de Hautes-Alpes is eenvoudig! Vergeet niet zijn\/haar up-to-date <strong>gezondheidsboekje<\/strong>, voerbak, riem en een comfortabele slaapplek mee te nemen om hem\/haar te helpen herstellen na lange wandelingen. Verschillende <strong>schaduwrijke plekken<\/strong> bieden de mogelijkheid om overdag uit te rusten, en u kunt zelfs samen lunchen op het terras van het campingrestaurant. Indien nodig zijn er <strong>trimsalons<\/strong> en een <strong>dierenartsenpraktijk<\/strong> <strong>in de buurt<\/strong>. Zo kunt u in alle rust van uw vakantie genieten, in een aangepaste en gastvrije omgeving.     <br\/><\/p>\n<\/div>\n\n\n\n<div class=\"wp-block-column is-vertically-aligned-center is-layout-flow wp-block-column-is-layout-flow\" style=\"padding-left:var(--wp--preset--spacing--30);flex-basis:50%\">\n<div class=\"wp-block-group is-vertical is-content-justification-left is-nowrap is-layout-flex wp-container-core-group-is-layout-71db335c wp-block-group-is-layout-flex\" style=\"border-radius:0px;margin-top:0px;margin-right:0px;margin-bottom:0px;margin-left:0px;padding-top:var(--wp--preset--spacing--50);padding-right:0px;padding-bottom:0px;padding-left:0px\">\n<div class=\"wp-block-group has-global-padding is-content-justification-left is-layout-constrained wp-container-core-group-is-layout-af66290e wp-block-group-is-layout-constrained\" style=\"margin-top:0px;margin-right:0px;margin-bottom:0px;margin-left:0px\">\n<h1 class=\"wp-block-heading has-text-align-left full-width has-holla-weekend-font-family has-text-color\" style=\"color:rgba(0,74,74,1);font-size:clamp(63.347px, 3.959rem + ((1vw - 3.2px) * 6.072), 135px);line-height:0.8\"> <br\/><mark style=\"background-color:rgba(0, 0, 0, 0)\" class=\"has-inline-color has-accent-color\">Praktische gids voor uw verblijf op een hondvriendelijke camping in de Hautes-Alpes<\/mark><\/h1>\n<\/div>\n\n\n\n<figure class=\"wp-block-image is-resized gt-hide-mobile\" style=\"margin-top:var(--wp--preset--spacing--40);margin-right:0px;margin-bottom:0px;margin-left:0px\"><img decoding=\"async\" src=\"https:\/\/www.camping-lepetitliou.com\/wp-content\/uploads\/extracted-inline-images\/svg-d1ad305ece2d7891bdfa323164f58668.svg\" alt=\"\" style=\"width:283.9752197265625px\"\/><\/figure>\n<\/div>\n<\/div>\n<\/div>\n<\/section>\n\n<div id=\"page-four\" class=\"wp-block-group page-four is-layout-flow wp-block-group-is-layout-flow\" style=\"margin-top:0;margin-bottom:0;padding-top:0;padding-bottom:0\">\n<div class=\"wp-block-cover is-light has-custom-content-position is-position-bottom-center\" style=\"padding-top:var(--wp--preset--spacing--30);padding-bottom:var(--wp--preset--spacing--30);min-height:70vh;aspect-ratio:unset;\"><img decoding=\"async\" width=\"1024\" height=\"488\" class=\"wp-block-cover__image-background wp-image-1908 size-large\" alt=\"camping accueil chien hautes alpes\" src=\"https:\/\/www.camping-lepetitliou.com\/wp-content\/uploads\/2025\/12\/camping-accueil-chien-hautes-alpes-e1766073196322-1024x488.jpg\" data-object-fit=\"cover\" srcset=\"https:\/\/www.camping-lepetitliou.com\/wp-content\/uploads\/2025\/12\/camping-accueil-chien-hautes-alpes-e1766073196322-1024x488.jpg 1024w, https:\/\/www.camping-lepetitliou.com\/wp-content\/uploads\/2025\/12\/camping-accueil-chien-hautes-alpes-e1766073196322-300x143.jpg 300w, https:\/\/www.camping-lepetitliou.com\/wp-content\/uploads\/2025\/12\/camping-accueil-chien-hautes-alpes-e1766073196322-768x366.jpg 768w, https:\/\/www.camping-lepetitliou.com\/wp-content\/uploads\/2025\/12\/camping-accueil-chien-hautes-alpes-e1766073196322-1536x732.jpg 1536w, https:\/\/www.camping-lepetitliou.com\/wp-content\/uploads\/2025\/12\/camping-accueil-chien-hautes-alpes-e1766073196322.jpg 2000w\" sizes=\"(max-width: 1024px) 100vw, 1024px\" \/><span aria-hidden=\"true\" class=\"wp-block-cover__background has-background-dim-0 has-background-dim\"><\/span><div class=\"wp-block-cover__inner-container has-global-padding is-layout-constrained wp-block-cover-is-layout-constrained\">\n<p class=\"has-text-align-center has-large-font-size\"><\/p>\n<\/div><\/div>\n\n\n\n<div class=\"wp-block-group has-accent-4-background-color has-background has-global-padding is-layout-constrained wp-container-core-group-is-layout-dd610511 wp-block-group-is-layout-constrained\" style=\"margin-top:0;margin-bottom:0;padding-top:var(--wp--preset--spacing--50);padding-right:var(--wp--preset--spacing--10);padding-bottom:var(--wp--preset--spacing--50);padding-left:var(--wp--preset--spacing--10)\">\n<h2 class=\"wp-block-heading has-text-align-center\" style=\"padding-bottom:var(--wp--preset--spacing--20);font-style:normal;font-weight:100\"><strong>Hondenwandeling op de dijk van het meer<\/strong> in de buurt van de camping<\/h2>\n\n\n\n<p class=\"has-text-align-center\">De omgeving van Petit Liou staat vol met <strong>paden die geschikt zijn voor wandelingen aan de lijn<\/strong>. Onder de must-sees bevinden zich de <strong>Liou-wetlands<\/strong> en de wandeling langs de <strong>dijk van het meer van Serre-Pon\u00e7on<\/strong>, bereikbaar op enkele minuten van de camping. Deze <strong>veilige wandeling<\/strong> biedt een prachtig panorama op de bergen en stelt uw hond in staat om zich uit te leven terwijl hij geniet van de natuurlijke omgeving. Op elk moment van de dag is dit uitje ideaal voor een verfrissende pauze of een moment van verbondenheid. Een waar paradijsje om te delen met uw dier!    <\/p>\n<\/div>\n<\/div>\n\n<section id=\"page-cta\" class=\"wp-block-group has-global-padding is-layout-constrained wp-block-group-is-layout-constrained\" style=\"margin-top:0;margin-bottom:0;padding-top:var(--wp--preset--spacing--50);padding-bottom:var(--wp--preset--spacing--50)\">\n<p class=\"has-text-align-center wp-block-heading full-width has-poppins-font-family has-text-color\" style=\"color:rgba(0,74,74,1);margin-bottom:var(--wp--preset--spacing--40);font-size:clamp(21.027px, 1.314rem + ((1vw - 3.2px) * 1.099), 34px);text-transform:uppercase\"><strong>Ontdek<\/strong> onze ecologische engagementen, onze activiteiten &amp; ons zwembad<\/p>\n\n\n\n<div class=\"wp-block-query is-layout-flow wp-block-query-is-layout-flow\"><ul class=\"animated fadeInUp wp-block-post-template is-layout-flow wp-block-post-template-is-layout-flow\"><li class=\"wp-block-post post-8016 page type-page status-publish has-post-thumbnail hentry tag-activiteiten-en-animatie\">\n\n<figure class=\"wp-block-image has-custom-border\"><img decoding=\"async\" src=\"https:\/\/www.camping-lepetitliou.com\/wp-content\/uploads\/2025\/12\/activites-ecologiques.jpg\" alt=\"camping animaties activiteiten baratier\" style=\"border-top-right-radius:100px;border-bottom-left-radius:100px\"\/><\/figure>\n\n\n\n<div class=\"wp-block-group cta-title is-content-justification-right is-nowrap is-layout-flex wp-container-core-group-is-layout-17124a9a wp-block-group-is-layout-flex\">\n<p class=\"has-text-align-center has-base-color has-text-color has-link-color has-pp-woodland-font-family wp-elements-8030b7bf5c365a4f57cbf74ee517e3f5\" style=\"font-size:clamp(15.747px, 0.984rem + ((1vw - 3.2px) * 0.699), 24px);font-style:normal;font-weight:500;line-height:1.2;text-transform:uppercase\">Activiteiten en animatie<\/p>\n\n\n\n<figure class=\"wp-block-image size-full is-resized\"><img decoding=\"async\" width=\"91\" height=\"91\" src=\"https:\/\/www.camping-lepetitliou.com\/wp-content\/uploads\/2025\/11\/fleche-cta.svg\" alt=\"pijl-cta\" class=\"wp-image-531\" style=\"width:50px\"\/><\/figure>\n<\/div>\n\n\n<a class=\"is-style-lien-cover wp-block-read-more\" href=\"https:\/\/www.camping-lepetitliou.com\/nl\/camping-animations-activites-baratier\/\" target=\"_self\">Lees verder<span class=\"screen-reader-text\">: camping animaties activiteiten baratier<\/span><\/a>\n<\/li><li class=\"wp-block-post post-7809 page type-page status-publish has-post-thumbnail hentry tag-verantwoorde-aanpak\">\n\n<figure class=\"wp-block-image has-custom-border\"><img decoding=\"async\" src=\"https:\/\/www.camping-lepetitliou.com\/wp-content\/uploads\/2025\/12\/Camping-3-etoiles-Camping-Le-Petit-Liou-1-e1765978791520.jpg\" alt=\"ecologische camping baratier\" style=\"border-top-right-radius:100px;border-bottom-left-radius:100px\"\/><\/figure>\n\n\n\n<div class=\"wp-block-group cta-title is-content-justification-right is-nowrap is-layout-flex wp-container-core-group-is-layout-17124a9a wp-block-group-is-layout-flex\">\n<p class=\"has-text-align-center has-base-color has-text-color has-link-color has-pp-woodland-font-family wp-elements-8030b7bf5c365a4f57cbf74ee517e3f5\" style=\"font-size:clamp(15.747px, 0.984rem + ((1vw - 3.2px) * 0.699), 24px);font-style:normal;font-weight:500;line-height:1.2;text-transform:uppercase\">Verantwoorde aanpak<\/p>\n\n\n\n<figure class=\"wp-block-image size-full is-resized\"><img decoding=\"async\" width=\"91\" height=\"91\" src=\"https:\/\/www.camping-lepetitliou.com\/wp-content\/uploads\/2025\/11\/fleche-cta.svg\" alt=\"pijl-cta\" class=\"wp-image-531\" style=\"width:50px\"\/><\/figure>\n<\/div>\n\n\n<a class=\"is-style-lien-cover wp-block-read-more\" href=\"https:\/\/www.camping-lepetitliou.com\/nl\/camping-ecologique-baratier\/\" target=\"_self\">Lees verder<span class=\"screen-reader-text\">: ecologische camping baratier<\/span><\/a>\n<\/li><li class=\"wp-block-post post-7973 page type-page status-publish has-post-thumbnail hentry tag-waterpark\">\n\n<figure class=\"wp-block-image has-custom-border\"><img decoding=\"async\" src=\"https:\/\/www.camping-lepetitliou.com\/wp-content\/uploads\/2025\/12\/piscine-camping-le-petit-liou.jpg\" alt=\"camping zwembad verwarmd baratier\" style=\"border-top-right-radius:100px;border-bottom-left-radius:100px\"\/><\/figure>\n\n\n\n<div class=\"wp-block-group cta-title is-content-justification-right is-nowrap is-layout-flex wp-container-core-group-is-layout-17124a9a wp-block-group-is-layout-flex\">\n<p class=\"has-text-align-center has-base-color has-text-color has-link-color has-pp-woodland-font-family wp-elements-8030b7bf5c365a4f57cbf74ee517e3f5\" style=\"font-size:clamp(15.747px, 0.984rem + ((1vw - 3.2px) * 0.699), 24px);font-style:normal;font-weight:500;line-height:1.2;text-transform:uppercase\">Waterpark<\/p>\n\n\n\n<figure class=\"wp-block-image size-full is-resized\"><img decoding=\"async\" width=\"91\" height=\"91\" src=\"https:\/\/www.camping-lepetitliou.com\/wp-content\/uploads\/2025\/11\/fleche-cta.svg\" alt=\"pijl-cta\" class=\"wp-image-531\" style=\"width:50px\"\/><\/figure>\n<\/div>\n\n\n<a class=\"is-style-lien-cover wp-block-read-more\" href=\"https:\/\/www.camping-lepetitliou.com\/nl\/camping-piscine-chauffee-baratier\/\" target=\"_self\">Lees verder<span class=\"screen-reader-text\">: camping zwembad verwarmd baratier<\/span><\/a>\n<\/li><\/ul><\/div>\n<\/section>\n","protected":false},"excerpt":{"rendered":"<p>Dogvriendelijke camping in de buurt van het meer van Serre-Pon\u00e7on Bent u op zoek naar een dogvriendelijke camping in de buurt van het meer van Serre-Pon\u00e7on om optimaal van uw vakantie te genieten met uw viervoeter? Bij Petit Liou, uw camping in de Hautes-Alpes, zijn huisdieren van harte welkom! Tussen de natuurgebieden, de buitenactiviteiten en [&hellip;]<\/p>\n","protected":false},"author":1,"featured_media":7760,"parent":0,"menu_order":0,"comment_status":"closed","ping_status":"closed","template":"","meta":{"_seopress_robots_primary_cat":"","_seopress_titles_title":"Camping dog friendly pr\u00e8s lac Serre-Pon\u00e7on | Animaux accept\u00e9s 05","_seopress_titles_desc":"Camping dog friendly pr\u00e8s du lac de Serre-Pon\u00e7on dans les Hautes-Alpes : animaux accept\u00e9s au Petit Liou, nature, balades et vacances avec votre chien.","_seopress_robots_index":"","inline_featured_image":false,"gt_fse_maillage_image":"https:\/\/www.camping-lepetitliou.com\/wp-content\/uploads\/2025\/12\/camping-chien-accepte-le-petit-liou.jpg","gt_fse_maillage_titre":"Huisdiervriendelijk","gt_fse_maillage_alt":"camping dieren baratier","gt_fse_maillage_resume":"","footnotes":""},"categories":[],"tags":[135],"class_list":["post-7758","page","type-page","status-publish","has-post-thumbnail","hentry","tag-huisdiervriendelijk"],"_links":{"self":[{"href":"https:\/\/www.camping-lepetitliou.com\/nl\/wp-json\/wp\/v2\/pages\/7758","targetHints":{"allow":["GET"]}}],"collection":[{"href":"https:\/\/www.camping-lepetitliou.com\/nl\/wp-json\/wp\/v2\/pages"}],"about":[{"href":"https:\/\/www.camping-lepetitliou.com\/nl\/wp-json\/wp\/v2\/types\/page"}],"author":[{"embeddable":true,"href":"https:\/\/www.camping-lepetitliou.com\/nl\/wp-json\/wp\/v2\/users\/1"}],"replies":[{"embeddable":true,"href":"https:\/\/www.camping-lepetitliou.com\/nl\/wp-json\/wp\/v2\/comments?post=7758"}],"version-history":[{"count":2,"href":"https:\/\/www.camping-lepetitliou.com\/nl\/wp-json\/wp\/v2\/pages\/7758\/revisions"}],"predecessor-version":[{"id":10231,"href":"https:\/\/www.camping-lepetitliou.com\/nl\/wp-json\/wp\/v2\/pages\/7758\/revisions\/10231"}],"wp:featuredmedia":[{"embeddable":true,"href":"https:\/\/www.camping-lepetitliou.com\/nl\/wp-json\/wp\/v2\/media\/7760"}],"wp:attachment":[{"href":"https:\/\/www.camping-lepetitliou.com\/nl\/wp-json\/wp\/v2\/media?parent=7758"}],"wp:term":[{"taxonomy":"category","embeddable":true,"href":"https:\/\/www.camping-lepetitliou.com\/nl\/wp-json\/wp\/v2\/categories?post=7758"},{"taxonomy":"post_tag","embeddable":true,"href":"https:\/\/www.camping-lepetitliou.com\/nl\/wp-json\/wp\/v2\/tags?post=7758"}],"curies":[{"name":"wp","href":"https:\/\/api.w.org\/{rel}","templated":true}]}}