{"id":7724,"date":"2025-12-16T16:01:21","date_gmt":"2025-12-16T15:01:21","guid":{"rendered":"https:\/\/www.camping-lepetitliou.com\/impressum\/"},"modified":"2026-03-05T10:12:42","modified_gmt":"2026-03-05T09:12:42","slug":"mentions-legales","status":"publish","type":"page","link":"https:\/\/www.camping-lepetitliou.com\/de\/mentions-legales\/","title":{"rendered":"Impressum"},"content":{"rendered":"\n<section class=\"wp-block-group alignfull full-width page-two is-layout-flow wp-container-core-group-is-layout-0ab70c79 wp-block-group-is-layout-flow has-background\" id=\"gt_2-cta_009\" style=\"border-radius:0px;margin-top:0px;margin-right:0px;margin-bottom:0px;margin-left:0px;padding-top:0;padding-right:0px;padding-bottom:var(--wp--preset--spacing--50);padding-left:var(--wp--preset--spacing--50);background-image:url(&apos;https:\/\/www.camping-lepetitliou.com\/wp-content\/uploads\/2025\/10\/feuilles-fond-2-svg-le-petit-liou.svg&apos;);background-position:0% 100%;background-repeat:no-repeat;background-size:auto;\">\n<div class=\"wp-block-columns is-layout-flex wp-container-core-columns-is-layout-6dbe93cd wp-block-columns-is-layout-flex\" style=\"padding-right:var(--wp--preset--spacing--60);padding-left:var(--wp--preset--spacing--50)\">\n<div class=\"wp-block-column is-layout-flow wp-block-column-is-layout-flow\" style=\"flex-basis:100%\">\n<div class=\"wp-block-group is-vertical is-content-justification-left is-nowrap is-layout-flex wp-container-core-group-is-layout-0ae2a1eb wp-block-group-is-layout-flex\" style=\"border-radius:0px;margin-top:0px;margin-right:0px;margin-bottom:0px;margin-left:0px;padding-top:0;padding-right:0px;padding-bottom:0px;padding-left:0px\">\n<div class=\"wp-block-group has-global-padding is-content-justification-left is-layout-constrained wp-container-core-group-is-layout-2058e249 wp-block-group-is-layout-constrained\" style=\"margin-top:0px;margin-right:0px;margin-bottom:0px;margin-left:0px\">\n<figure class=\"wp-block-image is-resized gt-hide-mobile\" style=\"margin-top:var(--wp--preset--spacing--40);margin-right:0px;margin-bottom:var(--wp--preset--spacing--20);margin-left:0px\"><img decoding=\"async\" src=\"https:\/\/www.camping-lepetitliou.com\/wp-content\/uploads\/extracted-inline-images\/svg-d1ad305ece2d7891bdfa323164f58668.svg\" alt=\"\" style=\"object-fit:contain;width:150px;height:130px\"\/><\/figure>\n\n\n\n<h1 class=\"wp-block-heading has-text-align-left full-width has-holla-weekend-font-family has-text-color has-xx-large-font-size\" style=\"color:rgba(0,74,74,1);line-height:0.8\"><strong>Rechtliche Hinweise<\/strong><\/h1>\n\n\n\n<h2 class=\"wp-block-heading has-custom-color-4-color has-text-color has-link-color wp-elements-f14373e97094f5805afb59bb658cecc6\" style=\"padding-top:var(--wp--preset--spacing--20);padding-bottom:var(--wp--preset--spacing--20);text-transform:uppercase\">Verantwortlich f\u00fcr die Website<\/h2>\n\n\n\n<p class=\"has-text-align-left bottom\" style=\"margin-top:0rem\"><strong>Firma: Camping le petit Liou Sites &amp; Paysages<\/strong><br\/>Ancienne Route de Baratier<br\/>05200 BaratierFrance<br\/>GPS: N 44\u00b0 32\u2032 49\u2033 &#8211; E 6\u00b0 29\u2032 29\u2033<br\/><a href=\"tel:+33492431910\">04 92 43 19 10<\/a><br\/>Fax: 0492436928<\/p>\n\n\n\n<p class=\"has-text-align-left bottom\" style=\"margin-top:0rem\"><a href=\"mailto:info@camping-lepetitliou.fr?subject=%5Bcamping-lepetitliou.com%5D%20\">info@camping-lepetitliou.fr<\/a><\/p>\n\n\n\n<h2 class=\"wp-block-heading montagne has-custom-color-4-color has-text-color\">REALISIERUNG<\/h2>\n\n\n\n<p class=\"has-text-align-left ls__heading\"><strong>GEEK TONIC<\/strong><br\/>Vertreten durch Herrn Yohan Darmayan in seiner Eigenschaft als Gesch\u00e4ftsf\u00fchrer<br\/>Gesch\u00e4ftssitz: 50 AV. DU LAC MARION 64200 BIARRITZ<br\/>Tel.: 05 32 74 11 52<br\/>E-mail: support@geek-tonic.com<br\/>Website: <a href=\"https:\/\/www.geek-tonic.com\/\">www.geek-tonic.com<\/a><br\/>SIRET: 89746755100015<br\/>APE: 6201Z <\/p>\n\n\n\n<h2 class=\"wp-block-heading has-custom-color-4-color has-text-color has-link-color wp-elements-ff15c3279efc8d1d32f5bf10ad95e160\">URHEBERRECHT UND COPYRIGHTS<\/h2>\n\n\n\n<p class=\"has-text-align-left ls__heading\">Der gesamte Inhalt dieser Website unterliegt dem Urheberrecht sowie dem geistigen Eigentum der franz\u00f6sischen Gesetzgebung. Jede Vervielf\u00e4ltigung (einschlie\u00dflich Fotos, Icons und herunterladbarer Dokumente) ist ohne vorherige Zustimmung von GEEK TONIC untersagt. Die Vervielf\u00e4ltigung der gesamten oder eines Teils der Website in Papier- oder elektronischem Format auf einem elektronischen Datentr\u00e4ger ist verboten. GEEK TONIC \u00fcbernimmt keine Verantwortung f\u00fcr die Inhalte auf der Website. GEEK TONIC \u00fcbernimmt auch keine Verantwortung f\u00fcr externe Links, die auf diese Website verweisen.   <\/p>\n\n\n\n<h2 class=\"wp-block-heading has-custom-color-4-color has-text-color has-link-color wp-elements-1f501547bc6a6b89fcd0f5dac4a2f7eb\" id=\"m-t-6\">PERS\u00d6NLICHE DATEN UND NAMENTLICHE INFORMATIONEN<\/h2>\n\n\n\n<p class=\"has-text-align-left ls-paragraph\">Sie haben ein Recht auf Zugang, \u00c4nderung, Berichtigung und L\u00f6schung der Sie betreffenden Daten gem\u00e4\u00df Artikel 34 des Gesetzes &#8222;Informatique et Libert\u00e9s&#8220; Nr. 78-17 vom 6. Januar 1978, ge\u00e4ndert am 6. August 2018. Um dieses Zugangsrecht auszu\u00fcben, k\u00f6nnen Sie eine einfache schriftliche Anfrage an den Herausgeber der Website richten. <\/p>\n\n\n\n<h2 class=\"wp-block-heading has-custom-color-4-color has-text-color has-link-color wp-elements-d1db3cbb96f6fca54e87419eddbdf886\">RECHTSGESETZE<\/h2>\n\n\n\n<p class=\"has-text-align-left ls-paragraph\">Gem\u00e4\u00df dem Gesetz vom 11. M\u00e4rz 1957 (Art. 41) und dem Gesetzbuch \u00fcber geistiges Eigentum vom 1. Juli 1992 ist es verboten, einen Teil der Website ohne vorherige Genehmigung des Herausgebers der Website teilweise oder vollst\u00e4ndig zu reproduzieren. Die Logos, Bilder, Fotos, Videos, Grafiken und Texte sind Eigentum ihrer jeweiligen Besitzer. Diese Website kann ohne sein Wissen mit anderen Websites \u00fcber Hypermedia-Links verbunden sein. Der Herausgeber der Website lehnt jede Verantwortung f\u00fcr die Informationen auf diesen anderen Websites ab. Der Internetnutzer erkennt an, dass die Nutzung dieser Website dem franz\u00f6sischen Recht unterliegt.    <\/p>\n<\/div>\n<\/div>\n<\/div>\n<\/div>\n<\/section>\n","protected":false},"excerpt":{"rendered":"<p>Rechtliche Hinweise Verantwortlich f\u00fcr die Website Firma: Camping le petit Liou Sites &amp; PaysagesAncienne Route de Baratier05200 BaratierFranceGPS: N 44\u00b0 32\u2032 49\u2033 &#8211; E 6\u00b0 29\u2032 29\u203304 92 43 19 10Fax: 0492436928 info@camping-lepetitliou.fr REALISIERUNG GEEK TONICVertreten durch Herrn Yohan Darmayan in seiner Eigenschaft als Gesch\u00e4ftsf\u00fchrerGesch\u00e4ftssitz: 50 AV. DU LAC MARION 64200 BIARRITZTel.: 05 32 74 [&hellip;]<\/p>\n","protected":false},"author":1,"featured_media":7725,"parent":0,"menu_order":0,"comment_status":"closed","ping_status":"closed","template":"","meta":{"_seopress_robots_primary_cat":"","_seopress_titles_title":"Mentions l\u00e9gales","_seopress_titles_desc":"Mentions l\u00e9gales","_seopress_robots_index":"yes","inline_featured_image":false,"gt_fse_maillage_image":"https:\/\/www.camping-lepetitliou.com\/wp-content\/uploads\/2025\/12\/camping-hautes-alpes-Le-Petit-Liou-e1766996659652.jpg","gt_fse_maillage_titre":"Rechtliche Hinweise","gt_fse_maillage_alt":"Impressum","gt_fse_maillage_resume":"","footnotes":""},"categories":[],"tags":[130],"class_list":["post-7724","page","type-page","status-publish","has-post-thumbnail","hentry","tag-rechtliche-hinweise"],"_links":{"self":[{"href":"https:\/\/www.camping-lepetitliou.com\/de\/wp-json\/wp\/v2\/pages\/7724","targetHints":{"allow":["GET"]}}],"collection":[{"href":"https:\/\/www.camping-lepetitliou.com\/de\/wp-json\/wp\/v2\/pages"}],"about":[{"href":"https:\/\/www.camping-lepetitliou.com\/de\/wp-json\/wp\/v2\/types\/page"}],"author":[{"embeddable":true,"href":"https:\/\/www.camping-lepetitliou.com\/de\/wp-json\/wp\/v2\/users\/1"}],"replies":[{"embeddable":true,"href":"https:\/\/www.camping-lepetitliou.com\/de\/wp-json\/wp\/v2\/comments?post=7724"}],"version-history":[{"count":2,"href":"https:\/\/www.camping-lepetitliou.com\/de\/wp-json\/wp\/v2\/pages\/7724\/revisions"}],"predecessor-version":[{"id":10285,"href":"https:\/\/www.camping-lepetitliou.com\/de\/wp-json\/wp\/v2\/pages\/7724\/revisions\/10285"}],"wp:featuredmedia":[{"embeddable":true,"href":"https:\/\/www.camping-lepetitliou.com\/de\/wp-json\/wp\/v2\/media\/7725"}],"wp:attachment":[{"href":"https:\/\/www.camping-lepetitliou.com\/de\/wp-json\/wp\/v2\/media?parent=7724"}],"wp:term":[{"taxonomy":"category","embeddable":true,"href":"https:\/\/www.camping-lepetitliou.com\/de\/wp-json\/wp\/v2\/categories?post=7724"},{"taxonomy":"post_tag","embeddable":true,"href":"https:\/\/www.camping-lepetitliou.com\/de\/wp-json\/wp\/v2\/tags?post=7724"}],"curies":[{"name":"wp","href":"https:\/\/api.w.org\/{rel}","templated":true}]}}